{"id":11432,"date":"2018-11-21T11:04:03","date_gmt":"2018-11-21T10:04:03","guid":{"rendered":"https:\/\/www.garagen-website.ch\/?page_id=11432"},"modified":"2018-11-21T11:41:50","modified_gmt":"2018-11-21T10:41:50","slug":"interface-auto-i-dat","status":"publish","type":"page","link":"https:\/\/www.garagen-website.ch\/fr\/offre\/interface-auto-i-dat\/","title":{"rendered":"Interface auto-i-dat"},"content":{"rendered":"<p>Gr\u00e2ce \u00e0 l&rsquo;interface XML directe avec auto-i-dat (Syst\u00e8me CRM et DMS), votre offres de voitures neuves\u00a0et d&rsquo;occasion vont \u00eatre\u00a0automatiquement synchronis\u00e9es et sont toujours actuelles\u00a0sur votre site &#8211; sans aucune\u00a0intervention de votre part.<br \/><!--more--><\/p>\n<p>Vous avez \u00e9galement l&rsquo;avantage que les offres de voitures sont compl\u00e8tement int\u00e9gr\u00e9 dans votre site web. Cela permet d&rsquo;obtenir une visualisation optimale des voitures sur smartphone, tablet ou PC. En outre, votre client peut rechercher directement dans les offres par des filtres pr\u00e9d\u00e9finis\u00a0(comme la marque, le mod\u00e8le, prix, etc.). Un autre avantage de l&rsquo;interface auto-i-dat, vous pouvez d\u00e9j\u00e0 annoncer votre v\u00e9hicule de commander ou pr\u00e9command\u00e9 sur votre site Web, avant qu&rsquo;ils ne soient autoris\u00e9s \u00e0 appara\u00eetre sur les plates-formes respectives.<\/p>\n<p>Pour plus amples\u00a0informations sur l&rsquo;interface et les offres, nous sommes toujours \u00e0 votre disposition.\u00a0<\/p>\n","protected":false},"excerpt":{"rendered":"<p>Gr\u00e2ce \u00e0 l&rsquo;interface XML directe avec auto-i-dat (Syst\u00e8me CRM et DMS), votre offres de voitures neuves\u00a0et d&rsquo;occasion vont \u00eatre\u00a0automatiquement synchronis\u00e9es et sont toujours actuelles\u00a0sur votre site &#8211; sans aucune\u00a0intervention de votre part.<\/p>\n","protected":false},"author":4,"featured_media":11461,"parent":1333,"menu_order":20,"comment_status":"closed","ping_status":"closed","template":"","meta":{"_exactmetrics_skip_tracking":false,"_exactmetrics_sitenote_active":false,"_exactmetrics_sitenote_note":"","_exactmetrics_sitenote_category":0,"footnotes":""},"class_list":["post-11432","page","type-page","status-publish","has-post-thumbnail","hentry"],"yoast_head":"<!-- This site is optimized with the Yoast SEO plugin v27.3 - https:\/\/yoast.com\/product\/yoast-seo-wordpress\/ -->\n<title>Interface AutoScout24 - Garagen Website<\/title>\n<meta name=\"description\" content=\"Votre nouvelles voitures et voitures d&#039;occasion main sont automatiquement synchronis\u00e9es via AutoScout24 et toujours affich\u00e9es actuellement sur votre site.\" \/>\n<meta name=\"robots\" content=\"index, follow, max-snippet:-1, max-image-preview:large, max-video-preview:-1\" \/>\n<link rel=\"canonical\" href=\"https:\/\/www.garagen-website.ch\/fr\/offre\/interface-auto-i-dat\/\" \/>\n<meta property=\"og:locale\" content=\"fr_FR\" \/>\n<meta property=\"og:type\" content=\"article\" \/>\n<meta property=\"og:title\" content=\"Interface AutoScout24 - Garagen Website\" \/>\n<meta property=\"og:description\" content=\"Votre nouvelles voitures et voitures d&#039;occasion main sont automatiquement synchronis\u00e9es via AutoScout24 et toujours affich\u00e9es actuellement sur votre site.\" \/>\n<meta property=\"og:url\" content=\"https:\/\/www.garagen-website.ch\/fr\/offre\/interface-auto-i-dat\/\" \/>\n<meta property=\"og:site_name\" content=\"Garagen Website\" \/>\n<meta property=\"article:modified_time\" content=\"2018-11-21T10:41:50+00:00\" \/>\n<meta property=\"og:image\" content=\"https:\/\/www.garagen-website.ch\/wp-content\/uploads\/2018\/11\/auto-i-dat-fahrzeugangebot.jpg\" \/>\n\t<meta property=\"og:image:width\" content=\"1920\" \/>\n\t<meta property=\"og:image:height\" content=\"1273\" \/>\n\t<meta property=\"og:image:type\" content=\"image\/jpeg\" \/>\n<meta name=\"twitter:card\" content=\"summary_large_image\" \/>\n<meta name=\"twitter:label1\" content=\"Dur\u00e9e de lecture estim\u00e9e\" \/>\n\t<meta name=\"twitter:data1\" content=\"1 minute\" \/>\n<script type=\"application\/ld+json\" class=\"yoast-schema-graph\">{\"@context\":\"https:\\\/\\\/schema.org\",\"@graph\":[{\"@type\":\"WebPage\",\"@id\":\"https:\\\/\\\/www.garagen-website.ch\\\/fr\\\/offre\\\/interface-auto-i-dat\\\/\",\"url\":\"https:\\\/\\\/www.garagen-website.ch\\\/fr\\\/offre\\\/interface-auto-i-dat\\\/\",\"name\":\"Interface AutoScout24 - Garagen Website\",\"isPartOf\":{\"@id\":\"https:\\\/\\\/www.garagen-website.ch\\\/#website\"},\"primaryImageOfPage\":{\"@id\":\"https:\\\/\\\/www.garagen-website.ch\\\/fr\\\/offre\\\/interface-auto-i-dat\\\/#primaryimage\"},\"image\":{\"@id\":\"https:\\\/\\\/www.garagen-website.ch\\\/fr\\\/offre\\\/interface-auto-i-dat\\\/#primaryimage\"},\"thumbnailUrl\":\"https:\\\/\\\/www.garagen-website.ch\\\/wp-content\\\/uploads\\\/2018\\\/11\\\/auto-i-dat-fahrzeugangebot.jpg\",\"datePublished\":\"2018-11-21T10:04:03+00:00\",\"dateModified\":\"2018-11-21T10:41:50+00:00\",\"description\":\"Votre nouvelles voitures et voitures d'occasion main sont automatiquement synchronis\u00e9es via AutoScout24 et toujours affich\u00e9es actuellement sur votre site.\",\"breadcrumb\":{\"@id\":\"https:\\\/\\\/www.garagen-website.ch\\\/fr\\\/offre\\\/interface-auto-i-dat\\\/#breadcrumb\"},\"inLanguage\":\"fr-FR\",\"potentialAction\":[{\"@type\":\"ReadAction\",\"target\":[\"https:\\\/\\\/www.garagen-website.ch\\\/fr\\\/offre\\\/interface-auto-i-dat\\\/\"]}]},{\"@type\":\"ImageObject\",\"inLanguage\":\"fr-FR\",\"@id\":\"https:\\\/\\\/www.garagen-website.ch\\\/fr\\\/offre\\\/interface-auto-i-dat\\\/#primaryimage\",\"url\":\"https:\\\/\\\/www.garagen-website.ch\\\/wp-content\\\/uploads\\\/2018\\\/11\\\/auto-i-dat-fahrzeugangebot.jpg\",\"contentUrl\":\"https:\\\/\\\/www.garagen-website.ch\\\/wp-content\\\/uploads\\\/2018\\\/11\\\/auto-i-dat-fahrzeugangebot.jpg\",\"width\":1920,\"height\":1273,\"caption\":\"auto-i-dat Fahrzeugangebot\"},{\"@type\":\"BreadcrumbList\",\"@id\":\"https:\\\/\\\/www.garagen-website.ch\\\/fr\\\/offre\\\/interface-auto-i-dat\\\/#breadcrumb\",\"itemListElement\":[{\"@type\":\"ListItem\",\"position\":1,\"name\":\"Home\",\"item\":\"https:\\\/\\\/www.garagen-website.ch\\\/fr\\\/\"},{\"@type\":\"ListItem\",\"position\":2,\"name\":\"Offre\",\"item\":\"https:\\\/\\\/www.garagen-website.ch\\\/fr\\\/offre\\\/\"},{\"@type\":\"ListItem\",\"position\":3,\"name\":\"Interface auto-i-dat\"}]},{\"@type\":\"WebSite\",\"@id\":\"https:\\\/\\\/www.garagen-website.ch\\\/#website\",\"url\":\"https:\\\/\\\/www.garagen-website.ch\\\/\",\"name\":\"Garagen Website\",\"description\":\"\",\"publisher\":{\"@id\":\"https:\\\/\\\/www.garagen-website.ch\\\/#organization\"},\"potentialAction\":[{\"@type\":\"SearchAction\",\"target\":{\"@type\":\"EntryPoint\",\"urlTemplate\":\"https:\\\/\\\/www.garagen-website.ch\\\/?s={search_term_string}\"},\"query-input\":{\"@type\":\"PropertyValueSpecification\",\"valueRequired\":true,\"valueName\":\"search_term_string\"}}],\"inLanguage\":\"fr-FR\"},{\"@type\":\"Organization\",\"@id\":\"https:\\\/\\\/www.garagen-website.ch\\\/#organization\",\"name\":\"Garagen Website\",\"url\":\"https:\\\/\\\/www.garagen-website.ch\\\/\",\"logo\":{\"@type\":\"ImageObject\",\"inLanguage\":\"fr-FR\",\"@id\":\"https:\\\/\\\/www.garagen-website.ch\\\/#\\\/schema\\\/logo\\\/image\\\/\",\"url\":\"https:\\\/\\\/www.garagen-website.ch\\\/wp-content\\\/uploads\\\/2021\\\/04\\\/garagen-website-logo.png\",\"contentUrl\":\"https:\\\/\\\/www.garagen-website.ch\\\/wp-content\\\/uploads\\\/2021\\\/04\\\/garagen-website-logo.png\",\"width\":920,\"height\":107,\"caption\":\"Garagen Website\"},\"image\":{\"@id\":\"https:\\\/\\\/www.garagen-website.ch\\\/#\\\/schema\\\/logo\\\/image\\\/\"}}]}<\/script>\n<!-- \/ Yoast SEO plugin. -->","yoast_head_json":{"title":"Interface AutoScout24 - Garagen Website","description":"Votre nouvelles voitures et voitures d'occasion main sont automatiquement synchronis\u00e9es via AutoScout24 et toujours affich\u00e9es actuellement sur votre site.","robots":{"index":"index","follow":"follow","max-snippet":"max-snippet:-1","max-image-preview":"max-image-preview:large","max-video-preview":"max-video-preview:-1"},"canonical":"https:\/\/www.garagen-website.ch\/fr\/offre\/interface-auto-i-dat\/","og_locale":"fr_FR","og_type":"article","og_title":"Interface AutoScout24 - Garagen Website","og_description":"Votre nouvelles voitures et voitures d'occasion main sont automatiquement synchronis\u00e9es via AutoScout24 et toujours affich\u00e9es actuellement sur votre site.","og_url":"https:\/\/www.garagen-website.ch\/fr\/offre\/interface-auto-i-dat\/","og_site_name":"Garagen Website","article_modified_time":"2018-11-21T10:41:50+00:00","og_image":[{"width":1920,"height":1273,"url":"https:\/\/www.garagen-website.ch\/wp-content\/uploads\/2018\/11\/auto-i-dat-fahrzeugangebot.jpg","type":"image\/jpeg"}],"twitter_card":"summary_large_image","twitter_misc":{"Dur\u00e9e de lecture estim\u00e9e":"1 minute"},"schema":{"@context":"https:\/\/schema.org","@graph":[{"@type":"WebPage","@id":"https:\/\/www.garagen-website.ch\/fr\/offre\/interface-auto-i-dat\/","url":"https:\/\/www.garagen-website.ch\/fr\/offre\/interface-auto-i-dat\/","name":"Interface AutoScout24 - Garagen Website","isPartOf":{"@id":"https:\/\/www.garagen-website.ch\/#website"},"primaryImageOfPage":{"@id":"https:\/\/www.garagen-website.ch\/fr\/offre\/interface-auto-i-dat\/#primaryimage"},"image":{"@id":"https:\/\/www.garagen-website.ch\/fr\/offre\/interface-auto-i-dat\/#primaryimage"},"thumbnailUrl":"https:\/\/www.garagen-website.ch\/wp-content\/uploads\/2018\/11\/auto-i-dat-fahrzeugangebot.jpg","datePublished":"2018-11-21T10:04:03+00:00","dateModified":"2018-11-21T10:41:50+00:00","description":"Votre nouvelles voitures et voitures d'occasion main sont automatiquement synchronis\u00e9es via AutoScout24 et toujours affich\u00e9es actuellement sur votre site.","breadcrumb":{"@id":"https:\/\/www.garagen-website.ch\/fr\/offre\/interface-auto-i-dat\/#breadcrumb"},"inLanguage":"fr-FR","potentialAction":[{"@type":"ReadAction","target":["https:\/\/www.garagen-website.ch\/fr\/offre\/interface-auto-i-dat\/"]}]},{"@type":"ImageObject","inLanguage":"fr-FR","@id":"https:\/\/www.garagen-website.ch\/fr\/offre\/interface-auto-i-dat\/#primaryimage","url":"https:\/\/www.garagen-website.ch\/wp-content\/uploads\/2018\/11\/auto-i-dat-fahrzeugangebot.jpg","contentUrl":"https:\/\/www.garagen-website.ch\/wp-content\/uploads\/2018\/11\/auto-i-dat-fahrzeugangebot.jpg","width":1920,"height":1273,"caption":"auto-i-dat Fahrzeugangebot"},{"@type":"BreadcrumbList","@id":"https:\/\/www.garagen-website.ch\/fr\/offre\/interface-auto-i-dat\/#breadcrumb","itemListElement":[{"@type":"ListItem","position":1,"name":"Home","item":"https:\/\/www.garagen-website.ch\/fr\/"},{"@type":"ListItem","position":2,"name":"Offre","item":"https:\/\/www.garagen-website.ch\/fr\/offre\/"},{"@type":"ListItem","position":3,"name":"Interface auto-i-dat"}]},{"@type":"WebSite","@id":"https:\/\/www.garagen-website.ch\/#website","url":"https:\/\/www.garagen-website.ch\/","name":"Garagen Website","description":"","publisher":{"@id":"https:\/\/www.garagen-website.ch\/#organization"},"potentialAction":[{"@type":"SearchAction","target":{"@type":"EntryPoint","urlTemplate":"https:\/\/www.garagen-website.ch\/?s={search_term_string}"},"query-input":{"@type":"PropertyValueSpecification","valueRequired":true,"valueName":"search_term_string"}}],"inLanguage":"fr-FR"},{"@type":"Organization","@id":"https:\/\/www.garagen-website.ch\/#organization","name":"Garagen Website","url":"https:\/\/www.garagen-website.ch\/","logo":{"@type":"ImageObject","inLanguage":"fr-FR","@id":"https:\/\/www.garagen-website.ch\/#\/schema\/logo\/image\/","url":"https:\/\/www.garagen-website.ch\/wp-content\/uploads\/2021\/04\/garagen-website-logo.png","contentUrl":"https:\/\/www.garagen-website.ch\/wp-content\/uploads\/2021\/04\/garagen-website-logo.png","width":920,"height":107,"caption":"Garagen Website"},"image":{"@id":"https:\/\/www.garagen-website.ch\/#\/schema\/logo\/image\/"}}]}},"_links":{"self":[{"href":"https:\/\/www.garagen-website.ch\/fr\/wp-json\/wp\/v2\/pages\/11432","targetHints":{"allow":["GET"]}}],"collection":[{"href":"https:\/\/www.garagen-website.ch\/fr\/wp-json\/wp\/v2\/pages"}],"about":[{"href":"https:\/\/www.garagen-website.ch\/fr\/wp-json\/wp\/v2\/types\/page"}],"author":[{"embeddable":true,"href":"https:\/\/www.garagen-website.ch\/fr\/wp-json\/wp\/v2\/users\/4"}],"replies":[{"embeddable":true,"href":"https:\/\/www.garagen-website.ch\/fr\/wp-json\/wp\/v2\/comments?post=11432"}],"version-history":[{"count":2,"href":"https:\/\/www.garagen-website.ch\/fr\/wp-json\/wp\/v2\/pages\/11432\/revisions"}],"predecessor-version":[{"id":11466,"href":"https:\/\/www.garagen-website.ch\/fr\/wp-json\/wp\/v2\/pages\/11432\/revisions\/11466"}],"up":[{"embeddable":true,"href":"https:\/\/www.garagen-website.ch\/fr\/wp-json\/wp\/v2\/pages\/1333"}],"wp:featuredmedia":[{"embeddable":true,"href":"https:\/\/www.garagen-website.ch\/fr\/wp-json\/wp\/v2\/media\/11461"}],"wp:attachment":[{"href":"https:\/\/www.garagen-website.ch\/fr\/wp-json\/wp\/v2\/media?parent=11432"}],"curies":[{"name":"wp","href":"https:\/\/api.w.org\/{rel}","templated":true}]}}