{"id":1326,"date":"2016-05-13T14:15:43","date_gmt":"2016-05-13T12:15:43","guid":{"rendered":"https:\/\/www.garagen-website.ch\/?page_id=1326&#038;lang=fr"},"modified":"2017-05-17T10:07:51","modified_gmt":"2017-05-17T08:07:51","slug":"bienvenue","status":"publish","type":"page","link":"https:\/\/www.garagen-website.ch\/fr\/","title":{"rendered":"Votre nouveau site de garage"},"content":{"rendered":"<p>Vous voulez \u00eatre trouv\u00e9s avec votre garage sur Internet mais vous ne voulez pas d&rsquo;efforts suppl\u00e9mentairs pour la manutention? Alors nous avons la solution pour vous: le site de garage.<\/p>\n<h2>Qu&rsquo;est-ce que c&rsquo;est le site de garage?<\/h2>\n<p>Le site de garage est fait sp\u00e9cialement pour les garages, les concessionnaires automobiles et les repr\u00e9sentants de la marque. Si vous publiez d\u00e9j\u00e0 vos voitures sur AutoScout24, vous \u00e9liminez le travail de la double, parce que vos voitures apparaissent automatiquement sur le site de garage &#8211; sans rien \u00e0 faire quotidiennnement \u00e0 jour.<\/p>\n<h2>Le site de garage est avantageux<\/h2>\n<p>Entrez avec votre garage dans le monde digital avec un paquet standard complet e avantageux. D\u00e9sirez-vous une fonction suppl\u00e9mentaire plus tard? Pas de probl\u00e8me, parce que le site de garage est \u00e9xtensible par des fonctions suppl\u00e9mentaires \u00e0 tout moment.<\/p>\n<h2>De la Suisse &#8211; pour la Suisse<\/h2>\n<p>Nous sommes pour \u00abSwissness\u00bb, c&rsquo;est pourquoi que tous nos services proviennent exclusivement de la Suisse par des experts \u00e9prouv\u00e9s.<\/p>\n<h2>Qui sommes-nous?<\/h2>\n<p>Nous sommes la <a href=\"http:\/\/www.websamurai.ch\" target=\"_blank\">WEBSAMURAI<\/a> et nous avons cr\u00e9e le site de garage et nous sommes fiers de notre r\u00e9sultat bien r\u00e9ussi du site de garage.<\/p>\n","protected":false},"excerpt":{"rendered":"<p>Vous voulez \u00eatre trouv\u00e9s avec votre garage sur Internet mais vous ne voulez pas d&rsquo;efforts suppl\u00e9mentairs pour la manutention? Alors nous avons la solution pour vous: le site de garage. Qu&rsquo;est-ce que c&rsquo;est le site de garage? Le site de garage est fait sp\u00e9cialement pour les garages, les concessionnaires automobiles et les repr\u00e9sentants de la [&hellip;]<\/p>\n","protected":false},"author":4,"featured_media":0,"parent":0,"menu_order":3,"comment_status":"closed","ping_status":"closed","template":"","meta":{"_exactmetrics_skip_tracking":false,"_exactmetrics_sitenote_active":false,"_exactmetrics_sitenote_note":"","_exactmetrics_sitenote_category":0,"footnotes":""},"class_list":["post-1326","page","type-page","status-publish","hentry"],"yoast_head":"<!-- This site is optimized with the Yoast SEO plugin v27.3 - https:\/\/yoast.com\/product\/yoast-seo-wordpress\/ -->\n<title>Votre nouveau site de garages - Garagen Website<\/title>\n<meta name=\"description\" content=\"Le site Web de Garage est con\u00e7u sp\u00e9cialement pour les garages, les concessionnaires automobiles et les repr\u00e9sentants de la marque des voitures.\" \/>\n<meta name=\"robots\" content=\"index, follow, max-snippet:-1, max-image-preview:large, max-video-preview:-1\" \/>\n<link rel=\"canonical\" href=\"https:\/\/www.garagen-website.ch\/fr\/\" \/>\n<meta property=\"og:locale\" content=\"fr_FR\" \/>\n<meta property=\"og:type\" content=\"article\" \/>\n<meta property=\"og:title\" content=\"Votre nouveau site de garages - Garagen Website\" \/>\n<meta property=\"og:description\" content=\"Le site Web de Garage est con\u00e7u sp\u00e9cialement pour les garages, les concessionnaires automobiles et les repr\u00e9sentants de la marque des voitures.\" \/>\n<meta property=\"og:url\" content=\"https:\/\/www.garagen-website.ch\/fr\/\" \/>\n<meta property=\"og:site_name\" content=\"Garagen Website\" \/>\n<meta property=\"article:modified_time\" content=\"2017-05-17T08:07:51+00:00\" \/>\n<meta name=\"twitter:card\" content=\"summary_large_image\" \/>\n<meta name=\"twitter:label1\" content=\"Dur\u00e9e de lecture estim\u00e9e\" \/>\n\t<meta name=\"twitter:data1\" content=\"1 minute\" \/>\n<script type=\"application\/ld+json\" class=\"yoast-schema-graph\">{\"@context\":\"https:\\\/\\\/schema.org\",\"@graph\":[{\"@type\":\"WebPage\",\"@id\":\"https:\\\/\\\/www.garagen-website.ch\\\/fr\\\/\",\"url\":\"https:\\\/\\\/www.garagen-website.ch\\\/fr\\\/\",\"name\":\"Votre nouveau site de garages - Garagen Website\",\"isPartOf\":{\"@id\":\"https:\\\/\\\/www.garagen-website.ch\\\/#website\"},\"datePublished\":\"2016-05-13T12:15:43+00:00\",\"dateModified\":\"2017-05-17T08:07:51+00:00\",\"description\":\"Le site Web de Garage est con\u00e7u sp\u00e9cialement pour les garages, les concessionnaires automobiles et les repr\u00e9sentants de la marque des voitures.\",\"breadcrumb\":{\"@id\":\"https:\\\/\\\/www.garagen-website.ch\\\/fr\\\/#breadcrumb\"},\"inLanguage\":\"fr-FR\",\"potentialAction\":[{\"@type\":\"ReadAction\",\"target\":[\"https:\\\/\\\/www.garagen-website.ch\\\/fr\\\/\"]}]},{\"@type\":\"BreadcrumbList\",\"@id\":\"https:\\\/\\\/www.garagen-website.ch\\\/fr\\\/#breadcrumb\",\"itemListElement\":[{\"@type\":\"ListItem\",\"position\":1,\"name\":\"Home\",\"item\":\"https:\\\/\\\/www.garagen-website.ch\\\/fr\\\/\"},{\"@type\":\"ListItem\",\"position\":2,\"name\":\"Votre nouveau site de garage\"}]},{\"@type\":\"WebSite\",\"@id\":\"https:\\\/\\\/www.garagen-website.ch\\\/#website\",\"url\":\"https:\\\/\\\/www.garagen-website.ch\\\/\",\"name\":\"Garagen Website\",\"description\":\"\",\"publisher\":{\"@id\":\"https:\\\/\\\/www.garagen-website.ch\\\/#organization\"},\"potentialAction\":[{\"@type\":\"SearchAction\",\"target\":{\"@type\":\"EntryPoint\",\"urlTemplate\":\"https:\\\/\\\/www.garagen-website.ch\\\/?s={search_term_string}\"},\"query-input\":{\"@type\":\"PropertyValueSpecification\",\"valueRequired\":true,\"valueName\":\"search_term_string\"}}],\"inLanguage\":\"fr-FR\"},{\"@type\":\"Organization\",\"@id\":\"https:\\\/\\\/www.garagen-website.ch\\\/#organization\",\"name\":\"Garagen Website\",\"url\":\"https:\\\/\\\/www.garagen-website.ch\\\/\",\"logo\":{\"@type\":\"ImageObject\",\"inLanguage\":\"fr-FR\",\"@id\":\"https:\\\/\\\/www.garagen-website.ch\\\/#\\\/schema\\\/logo\\\/image\\\/\",\"url\":\"https:\\\/\\\/www.garagen-website.ch\\\/wp-content\\\/uploads\\\/2021\\\/04\\\/garagen-website-logo.png\",\"contentUrl\":\"https:\\\/\\\/www.garagen-website.ch\\\/wp-content\\\/uploads\\\/2021\\\/04\\\/garagen-website-logo.png\",\"width\":920,\"height\":107,\"caption\":\"Garagen Website\"},\"image\":{\"@id\":\"https:\\\/\\\/www.garagen-website.ch\\\/#\\\/schema\\\/logo\\\/image\\\/\"}}]}<\/script>\n<!-- \/ Yoast SEO plugin. -->","yoast_head_json":{"title":"Votre nouveau site de garages - Garagen Website","description":"Le site Web de Garage est con\u00e7u sp\u00e9cialement pour les garages, les concessionnaires automobiles et les repr\u00e9sentants de la marque des voitures.","robots":{"index":"index","follow":"follow","max-snippet":"max-snippet:-1","max-image-preview":"max-image-preview:large","max-video-preview":"max-video-preview:-1"},"canonical":"https:\/\/www.garagen-website.ch\/fr\/","og_locale":"fr_FR","og_type":"article","og_title":"Votre nouveau site de garages - Garagen Website","og_description":"Le site Web de Garage est con\u00e7u sp\u00e9cialement pour les garages, les concessionnaires automobiles et les repr\u00e9sentants de la marque des voitures.","og_url":"https:\/\/www.garagen-website.ch\/fr\/","og_site_name":"Garagen Website","article_modified_time":"2017-05-17T08:07:51+00:00","twitter_card":"summary_large_image","twitter_misc":{"Dur\u00e9e de lecture estim\u00e9e":"1 minute"},"schema":{"@context":"https:\/\/schema.org","@graph":[{"@type":"WebPage","@id":"https:\/\/www.garagen-website.ch\/fr\/","url":"https:\/\/www.garagen-website.ch\/fr\/","name":"Votre nouveau site de garages - Garagen Website","isPartOf":{"@id":"https:\/\/www.garagen-website.ch\/#website"},"datePublished":"2016-05-13T12:15:43+00:00","dateModified":"2017-05-17T08:07:51+00:00","description":"Le site Web de Garage est con\u00e7u sp\u00e9cialement pour les garages, les concessionnaires automobiles et les repr\u00e9sentants de la marque des voitures.","breadcrumb":{"@id":"https:\/\/www.garagen-website.ch\/fr\/#breadcrumb"},"inLanguage":"fr-FR","potentialAction":[{"@type":"ReadAction","target":["https:\/\/www.garagen-website.ch\/fr\/"]}]},{"@type":"BreadcrumbList","@id":"https:\/\/www.garagen-website.ch\/fr\/#breadcrumb","itemListElement":[{"@type":"ListItem","position":1,"name":"Home","item":"https:\/\/www.garagen-website.ch\/fr\/"},{"@type":"ListItem","position":2,"name":"Votre nouveau site de garage"}]},{"@type":"WebSite","@id":"https:\/\/www.garagen-website.ch\/#website","url":"https:\/\/www.garagen-website.ch\/","name":"Garagen Website","description":"","publisher":{"@id":"https:\/\/www.garagen-website.ch\/#organization"},"potentialAction":[{"@type":"SearchAction","target":{"@type":"EntryPoint","urlTemplate":"https:\/\/www.garagen-website.ch\/?s={search_term_string}"},"query-input":{"@type":"PropertyValueSpecification","valueRequired":true,"valueName":"search_term_string"}}],"inLanguage":"fr-FR"},{"@type":"Organization","@id":"https:\/\/www.garagen-website.ch\/#organization","name":"Garagen Website","url":"https:\/\/www.garagen-website.ch\/","logo":{"@type":"ImageObject","inLanguage":"fr-FR","@id":"https:\/\/www.garagen-website.ch\/#\/schema\/logo\/image\/","url":"https:\/\/www.garagen-website.ch\/wp-content\/uploads\/2021\/04\/garagen-website-logo.png","contentUrl":"https:\/\/www.garagen-website.ch\/wp-content\/uploads\/2021\/04\/garagen-website-logo.png","width":920,"height":107,"caption":"Garagen Website"},"image":{"@id":"https:\/\/www.garagen-website.ch\/#\/schema\/logo\/image\/"}}]}},"_links":{"self":[{"href":"https:\/\/www.garagen-website.ch\/fr\/wp-json\/wp\/v2\/pages\/1326","targetHints":{"allow":["GET"]}}],"collection":[{"href":"https:\/\/www.garagen-website.ch\/fr\/wp-json\/wp\/v2\/pages"}],"about":[{"href":"https:\/\/www.garagen-website.ch\/fr\/wp-json\/wp\/v2\/types\/page"}],"author":[{"embeddable":true,"href":"https:\/\/www.garagen-website.ch\/fr\/wp-json\/wp\/v2\/users\/4"}],"replies":[{"embeddable":true,"href":"https:\/\/www.garagen-website.ch\/fr\/wp-json\/wp\/v2\/comments?post=1326"}],"version-history":[{"count":3,"href":"https:\/\/www.garagen-website.ch\/fr\/wp-json\/wp\/v2\/pages\/1326\/revisions"}],"predecessor-version":[{"id":1777,"href":"https:\/\/www.garagen-website.ch\/fr\/wp-json\/wp\/v2\/pages\/1326\/revisions\/1777"}],"wp:attachment":[{"href":"https:\/\/www.garagen-website.ch\/fr\/wp-json\/wp\/v2\/media?parent=1326"}],"curies":[{"name":"wp","href":"https:\/\/api.w.org\/{rel}","templated":true}]}}