{"id":1333,"date":"2016-05-13T15:06:50","date_gmt":"2016-05-13T13:06:50","guid":{"rendered":"https:\/\/www.garagen-website.ch\/fr\/?page_id=1333"},"modified":"2017-05-17T10:08:55","modified_gmt":"2017-05-17T08:08:55","slug":"offre","status":"publish","type":"page","link":"https:\/\/www.garagen-website.ch\/fr\/offre\/","title":{"rendered":"Offre"},"content":{"rendered":"<p>Votre site est votre carte de visite sur Internet et aujourd&rsquo;hui\u00a0aussi important qu&rsquo;une voiture en ordre\u00a0apr\u00e8s le service, du personnel gentil ou une facture\u00a0bien structur\u00e9e. C&rsquo;est pour \u00e7a, que nous de la <a href=\"http:\/\/www.websamurai.ch\" target=\"_blank\">WEBSAMURAI<\/a>, nous avons\u00a0d\u00e9velopp\u00e9 un site Web sp\u00e9cifiquement pour\u00a0l&rsquo;industrie automobile suisse.<\/p>\n<p><a href=\"https:\/\/www.garagen-website.ch\/fr\/contact\/\"><strong>&gt;&gt; contactez-nous<\/strong><\/a><\/p>\n<h2>Plus &lsquo;informations<\/h2>\n","protected":false},"excerpt":{"rendered":"<p>Votre site est votre carte de visite sur Internet et aujourd&rsquo;hui\u00a0aussi important qu&rsquo;une voiture en ordre\u00a0apr\u00e8s le service, du personnel gentil ou une facture\u00a0bien structur\u00e9e. C&rsquo;est pour \u00e7a, que nous de la WEBSAMURAI, nous avons\u00a0d\u00e9velopp\u00e9 un site Web sp\u00e9cifiquement pour\u00a0l&rsquo;industrie automobile suisse. &gt;&gt; contactez-nous Plus &lsquo;informations<\/p>\n","protected":false},"author":4,"featured_media":1271,"parent":0,"menu_order":11,"comment_status":"closed","ping_status":"closed","template":"template-overview.php","meta":{"_exactmetrics_skip_tracking":false,"_exactmetrics_sitenote_active":false,"_exactmetrics_sitenote_note":"","_exactmetrics_sitenote_category":0,"footnotes":""},"class_list":["post-1333","page","type-page","status-publish","has-post-thumbnail","hentry"],"yoast_head":"<!-- This site is optimized with the Yoast SEO plugin v27.3 - https:\/\/yoast.com\/product\/yoast-seo-wordpress\/ -->\n<title>Offre - Garagen Website<\/title>\n<meta name=\"description\" content=\"Nous avons mis au point par WEBSAMURAI en coop\u00e9ration avec AutoScout24 un site Web consacr\u00e9 \u00e0 l&#039;industrie automobile suisse.\" \/>\n<meta name=\"robots\" content=\"index, follow, max-snippet:-1, max-image-preview:large, max-video-preview:-1\" \/>\n<link rel=\"canonical\" href=\"https:\/\/www.garagen-website.ch\/fr\/offre\/\" \/>\n<meta property=\"og:locale\" content=\"fr_FR\" \/>\n<meta property=\"og:type\" content=\"article\" \/>\n<meta property=\"og:title\" content=\"Offre - Garagen Website\" \/>\n<meta property=\"og:description\" content=\"Nous avons mis au point par WEBSAMURAI en coop\u00e9ration avec AutoScout24 un site Web consacr\u00e9 \u00e0 l&#039;industrie automobile suisse.\" \/>\n<meta property=\"og:url\" content=\"https:\/\/www.garagen-website.ch\/fr\/offre\/\" \/>\n<meta property=\"og:site_name\" content=\"Garagen Website\" \/>\n<meta property=\"article:modified_time\" content=\"2017-05-17T08:08:55+00:00\" \/>\n<meta property=\"og:image\" content=\"https:\/\/www.garagen-website.ch\/wp-content\/uploads\/2016\/05\/garagen-website-screenshot.jpg\" \/>\n\t<meta property=\"og:image:width\" content=\"1920\" \/>\n\t<meta property=\"og:image:height\" content=\"1371\" \/>\n\t<meta property=\"og:image:type\" content=\"image\/jpeg\" \/>\n<meta name=\"twitter:card\" content=\"summary_large_image\" \/>\n<script type=\"application\/ld+json\" class=\"yoast-schema-graph\">{\"@context\":\"https:\\\/\\\/schema.org\",\"@graph\":[{\"@type\":\"WebPage\",\"@id\":\"https:\\\/\\\/www.garagen-website.ch\\\/fr\\\/offre\\\/\",\"url\":\"https:\\\/\\\/www.garagen-website.ch\\\/fr\\\/offre\\\/\",\"name\":\"Offre - Garagen Website\",\"isPartOf\":{\"@id\":\"https:\\\/\\\/www.garagen-website.ch\\\/#website\"},\"primaryImageOfPage\":{\"@id\":\"https:\\\/\\\/www.garagen-website.ch\\\/fr\\\/offre\\\/#primaryimage\"},\"image\":{\"@id\":\"https:\\\/\\\/www.garagen-website.ch\\\/fr\\\/offre\\\/#primaryimage\"},\"thumbnailUrl\":\"https:\\\/\\\/www.garagen-website.ch\\\/wp-content\\\/uploads\\\/2016\\\/05\\\/garagen-website-screenshot.jpg\",\"datePublished\":\"2016-05-13T13:06:50+00:00\",\"dateModified\":\"2017-05-17T08:08:55+00:00\",\"description\":\"Nous avons mis au point par WEBSAMURAI en coop\u00e9ration avec AutoScout24 un site Web consacr\u00e9 \u00e0 l'industrie automobile suisse.\",\"breadcrumb\":{\"@id\":\"https:\\\/\\\/www.garagen-website.ch\\\/fr\\\/offre\\\/#breadcrumb\"},\"inLanguage\":\"fr-FR\",\"potentialAction\":[{\"@type\":\"ReadAction\",\"target\":[\"https:\\\/\\\/www.garagen-website.ch\\\/fr\\\/offre\\\/\"]}]},{\"@type\":\"ImageObject\",\"inLanguage\":\"fr-FR\",\"@id\":\"https:\\\/\\\/www.garagen-website.ch\\\/fr\\\/offre\\\/#primaryimage\",\"url\":\"https:\\\/\\\/www.garagen-website.ch\\\/wp-content\\\/uploads\\\/2016\\\/05\\\/garagen-website-screenshot.jpg\",\"contentUrl\":\"https:\\\/\\\/www.garagen-website.ch\\\/wp-content\\\/uploads\\\/2016\\\/05\\\/garagen-website-screenshot.jpg\",\"width\":1920,\"height\":1371,\"caption\":\"Garagen Website Vorschau\"},{\"@type\":\"BreadcrumbList\",\"@id\":\"https:\\\/\\\/www.garagen-website.ch\\\/fr\\\/offre\\\/#breadcrumb\",\"itemListElement\":[{\"@type\":\"ListItem\",\"position\":1,\"name\":\"Home\",\"item\":\"https:\\\/\\\/www.garagen-website.ch\\\/fr\\\/\"},{\"@type\":\"ListItem\",\"position\":2,\"name\":\"Offre\"}]},{\"@type\":\"WebSite\",\"@id\":\"https:\\\/\\\/www.garagen-website.ch\\\/#website\",\"url\":\"https:\\\/\\\/www.garagen-website.ch\\\/\",\"name\":\"Garagen Website\",\"description\":\"\",\"publisher\":{\"@id\":\"https:\\\/\\\/www.garagen-website.ch\\\/#organization\"},\"potentialAction\":[{\"@type\":\"SearchAction\",\"target\":{\"@type\":\"EntryPoint\",\"urlTemplate\":\"https:\\\/\\\/www.garagen-website.ch\\\/?s={search_term_string}\"},\"query-input\":{\"@type\":\"PropertyValueSpecification\",\"valueRequired\":true,\"valueName\":\"search_term_string\"}}],\"inLanguage\":\"fr-FR\"},{\"@type\":\"Organization\",\"@id\":\"https:\\\/\\\/www.garagen-website.ch\\\/#organization\",\"name\":\"Garagen Website\",\"url\":\"https:\\\/\\\/www.garagen-website.ch\\\/\",\"logo\":{\"@type\":\"ImageObject\",\"inLanguage\":\"fr-FR\",\"@id\":\"https:\\\/\\\/www.garagen-website.ch\\\/#\\\/schema\\\/logo\\\/image\\\/\",\"url\":\"https:\\\/\\\/www.garagen-website.ch\\\/wp-content\\\/uploads\\\/2021\\\/04\\\/garagen-website-logo.png\",\"contentUrl\":\"https:\\\/\\\/www.garagen-website.ch\\\/wp-content\\\/uploads\\\/2021\\\/04\\\/garagen-website-logo.png\",\"width\":920,\"height\":107,\"caption\":\"Garagen Website\"},\"image\":{\"@id\":\"https:\\\/\\\/www.garagen-website.ch\\\/#\\\/schema\\\/logo\\\/image\\\/\"}}]}<\/script>\n<!-- \/ Yoast SEO plugin. -->","yoast_head_json":{"title":"Offre - Garagen Website","description":"Nous avons mis au point par WEBSAMURAI en coop\u00e9ration avec AutoScout24 un site Web consacr\u00e9 \u00e0 l'industrie automobile suisse.","robots":{"index":"index","follow":"follow","max-snippet":"max-snippet:-1","max-image-preview":"max-image-preview:large","max-video-preview":"max-video-preview:-1"},"canonical":"https:\/\/www.garagen-website.ch\/fr\/offre\/","og_locale":"fr_FR","og_type":"article","og_title":"Offre - Garagen Website","og_description":"Nous avons mis au point par WEBSAMURAI en coop\u00e9ration avec AutoScout24 un site Web consacr\u00e9 \u00e0 l'industrie automobile suisse.","og_url":"https:\/\/www.garagen-website.ch\/fr\/offre\/","og_site_name":"Garagen Website","article_modified_time":"2017-05-17T08:08:55+00:00","og_image":[{"width":1920,"height":1371,"url":"https:\/\/www.garagen-website.ch\/wp-content\/uploads\/2016\/05\/garagen-website-screenshot.jpg","type":"image\/jpeg"}],"twitter_card":"summary_large_image","schema":{"@context":"https:\/\/schema.org","@graph":[{"@type":"WebPage","@id":"https:\/\/www.garagen-website.ch\/fr\/offre\/","url":"https:\/\/www.garagen-website.ch\/fr\/offre\/","name":"Offre - Garagen Website","isPartOf":{"@id":"https:\/\/www.garagen-website.ch\/#website"},"primaryImageOfPage":{"@id":"https:\/\/www.garagen-website.ch\/fr\/offre\/#primaryimage"},"image":{"@id":"https:\/\/www.garagen-website.ch\/fr\/offre\/#primaryimage"},"thumbnailUrl":"https:\/\/www.garagen-website.ch\/wp-content\/uploads\/2016\/05\/garagen-website-screenshot.jpg","datePublished":"2016-05-13T13:06:50+00:00","dateModified":"2017-05-17T08:08:55+00:00","description":"Nous avons mis au point par WEBSAMURAI en coop\u00e9ration avec AutoScout24 un site Web consacr\u00e9 \u00e0 l'industrie automobile suisse.","breadcrumb":{"@id":"https:\/\/www.garagen-website.ch\/fr\/offre\/#breadcrumb"},"inLanguage":"fr-FR","potentialAction":[{"@type":"ReadAction","target":["https:\/\/www.garagen-website.ch\/fr\/offre\/"]}]},{"@type":"ImageObject","inLanguage":"fr-FR","@id":"https:\/\/www.garagen-website.ch\/fr\/offre\/#primaryimage","url":"https:\/\/www.garagen-website.ch\/wp-content\/uploads\/2016\/05\/garagen-website-screenshot.jpg","contentUrl":"https:\/\/www.garagen-website.ch\/wp-content\/uploads\/2016\/05\/garagen-website-screenshot.jpg","width":1920,"height":1371,"caption":"Garagen Website Vorschau"},{"@type":"BreadcrumbList","@id":"https:\/\/www.garagen-website.ch\/fr\/offre\/#breadcrumb","itemListElement":[{"@type":"ListItem","position":1,"name":"Home","item":"https:\/\/www.garagen-website.ch\/fr\/"},{"@type":"ListItem","position":2,"name":"Offre"}]},{"@type":"WebSite","@id":"https:\/\/www.garagen-website.ch\/#website","url":"https:\/\/www.garagen-website.ch\/","name":"Garagen Website","description":"","publisher":{"@id":"https:\/\/www.garagen-website.ch\/#organization"},"potentialAction":[{"@type":"SearchAction","target":{"@type":"EntryPoint","urlTemplate":"https:\/\/www.garagen-website.ch\/?s={search_term_string}"},"query-input":{"@type":"PropertyValueSpecification","valueRequired":true,"valueName":"search_term_string"}}],"inLanguage":"fr-FR"},{"@type":"Organization","@id":"https:\/\/www.garagen-website.ch\/#organization","name":"Garagen Website","url":"https:\/\/www.garagen-website.ch\/","logo":{"@type":"ImageObject","inLanguage":"fr-FR","@id":"https:\/\/www.garagen-website.ch\/#\/schema\/logo\/image\/","url":"https:\/\/www.garagen-website.ch\/wp-content\/uploads\/2021\/04\/garagen-website-logo.png","contentUrl":"https:\/\/www.garagen-website.ch\/wp-content\/uploads\/2021\/04\/garagen-website-logo.png","width":920,"height":107,"caption":"Garagen Website"},"image":{"@id":"https:\/\/www.garagen-website.ch\/#\/schema\/logo\/image\/"}}]}},"_links":{"self":[{"href":"https:\/\/www.garagen-website.ch\/fr\/wp-json\/wp\/v2\/pages\/1333","targetHints":{"allow":["GET"]}}],"collection":[{"href":"https:\/\/www.garagen-website.ch\/fr\/wp-json\/wp\/v2\/pages"}],"about":[{"href":"https:\/\/www.garagen-website.ch\/fr\/wp-json\/wp\/v2\/types\/page"}],"author":[{"embeddable":true,"href":"https:\/\/www.garagen-website.ch\/fr\/wp-json\/wp\/v2\/users\/4"}],"replies":[{"embeddable":true,"href":"https:\/\/www.garagen-website.ch\/fr\/wp-json\/wp\/v2\/comments?post=1333"}],"version-history":[{"count":3,"href":"https:\/\/www.garagen-website.ch\/fr\/wp-json\/wp\/v2\/pages\/1333\/revisions"}],"predecessor-version":[{"id":1779,"href":"https:\/\/www.garagen-website.ch\/fr\/wp-json\/wp\/v2\/pages\/1333\/revisions\/1779"}],"wp:featuredmedia":[{"embeddable":true,"href":"https:\/\/www.garagen-website.ch\/fr\/wp-json\/wp\/v2\/media\/1271"}],"wp:attachment":[{"href":"https:\/\/www.garagen-website.ch\/fr\/wp-json\/wp\/v2\/media?parent=1333"}],"curies":[{"name":"wp","href":"https:\/\/api.w.org\/{rel}","templated":true}]}}