{"id":1335,"date":"2016-05-13T15:10:35","date_gmt":"2016-05-13T13:10:35","guid":{"rendered":"https:\/\/www.garagen-website.ch\/fr\/?page_id=1335"},"modified":"2018-11-21T11:45:46","modified_gmt":"2018-11-21T10:45:46","slug":"contact","status":"publish","type":"page","link":"https:\/\/www.garagen-website.ch\/fr\/contact\/","title":{"rendered":"Contact"},"content":{"rendered":"<p><strong>Nous sommes l\u00e0 pour vous.<\/strong><\/p>\n<h2>Adresse<\/h2>\n<p>WEBSAMURAI AG<br \/>Schachenallee 29<br \/>5000 Aarau<\/p>\n<p>et<\/p>\n<p>Binzstrasse 9<br \/>8045 Z\u00fcrich<\/p>\n<h2>Contact<\/h2>\n<p>E-mail: <a href=\"mailto:info@websamurai.ch\">info@websamurai.ch<\/a><br \/>T\u00e9l\u00e9phone: 062 511 91 11<\/p>\n<h2>Horaires d&rsquo;ouverture<\/h2>\n<p>Du lundi au vendredi de 08:00 \u00e0 12:00 et 13:00 \u00e0 17:00<\/p>\n<h2>Formulaire de contact<\/h2>\n\n<div class=\"wpcf7 no-js\" id=\"wpcf7-f1221-o1\" lang=\"de-DE\" dir=\"ltr\" data-wpcf7-id=\"1221\">\n<div class=\"screen-reader-response\"><p role=\"status\" aria-live=\"polite\" aria-atomic=\"true\"><\/p> <ul><\/ul><\/div>\n<form action=\"\/fr\/wp-json\/wp\/v2\/pages\/1335#wpcf7-f1221-o1\" method=\"post\" class=\"wpcf7-form init\" aria-label=\"Kontaktformular\" novalidate=\"novalidate\" data-status=\"init\">\n<fieldset class=\"hidden-fields-container\"><input type=\"hidden\" name=\"_wpcf7\" value=\"1221\" \/><input type=\"hidden\" name=\"_wpcf7_version\" value=\"6.1.5\" \/><input type=\"hidden\" name=\"_wpcf7_locale\" value=\"de_DE\" \/><input type=\"hidden\" name=\"_wpcf7_unit_tag\" value=\"wpcf7-f1221-o1\" \/><input type=\"hidden\" name=\"_wpcf7_container_post\" value=\"0\" \/><input type=\"hidden\" name=\"_wpcf7_posted_data_hash\" value=\"\" \/>\n<\/fieldset>\n<p><label>Name *<\/label><span class=\"wpcf7-form-control-wrap\" data-name=\"contactname\"><input size=\"40\" maxlength=\"400\" class=\"wpcf7-form-control wpcf7-text wpcf7-validates-as-required\" aria-required=\"true\" aria-invalid=\"false\" value=\"\" type=\"text\" name=\"contactname\" \/><\/span>\n<\/p>\n<p><label>E-Mail *<\/label><span class=\"wpcf7-form-control-wrap\" data-name=\"email\"><input size=\"40\" maxlength=\"400\" class=\"wpcf7-form-control wpcf7-email wpcf7-validates-as-required wpcf7-text wpcf7-validates-as-email\" aria-required=\"true\" aria-invalid=\"false\" value=\"\" type=\"email\" name=\"email\" \/><\/span>\n<\/p>\n<p><label>Betreff<\/label><span class=\"wpcf7-form-control-wrap\" data-name=\"subject\"><input size=\"40\" maxlength=\"400\" class=\"wpcf7-form-control wpcf7-text\" aria-invalid=\"false\" value=\"\" type=\"text\" name=\"subject\" \/><\/span>\n<\/p>\n<p><label>Nachricht *<\/label><span class=\"wpcf7-form-control-wrap\" data-name=\"message\"><textarea cols=\"40\" rows=\"10\" maxlength=\"2000\" class=\"wpcf7-form-control wpcf7-textarea wpcf7-validates-as-required\" aria-required=\"true\" aria-invalid=\"false\" name=\"message\"><\/textarea><\/span>\n<\/p>\n<p><span id=\"wpcf7-69e5afd15af99-wrapper\" class=\"wpcf7-form-control-wrap weiterercontent-wrap\" ><input type=\"hidden\" name=\"weiterercontent-time-start\" value=\"1776660433\"><input type=\"hidden\" name=\"weiterercontent-time-check\" value=\"4\"><input id=\"wpcf7-69e5afd15af99-field\"  class=\"wpcf7-form-control wpcf7-text\" type=\"text\" name=\"weiterercontent\" value=\"\" size=\"40\" tabindex=\"-1\" autocomplete=\"off\" \/><\/span>\n<\/p>\n<p><input class=\"wpcf7-form-control wpcf7-submit has-spinner\" type=\"submit\" value=\"senden\" \/>\n<\/p><input type=\"text\" name=\"0uZzl\" value=\"\" style=\"display: none !important;\" \/><div class=\"wpcf7-response-output\" aria-hidden=\"true\"><\/div>\n<\/form>\n<\/div>\n\n","protected":false},"excerpt":{"rendered":"<p>Nous sommes l\u00e0 pour vous. Adresse WEBSAMURAI AGSchachenallee 295000 Aarau et Binzstrasse 98045 Z\u00fcrich Contact E-mail: info@websamurai.chT\u00e9l\u00e9phone: 062 511 91 11 Horaires d&rsquo;ouverture Du lundi au vendredi de 08:00 \u00e0 12:00 et 13:00 \u00e0 17:00 Formulaire de contact<\/p>\n","protected":false},"author":4,"featured_media":0,"parent":0,"menu_order":42,"comment_status":"closed","ping_status":"closed","template":"","meta":{"_exactmetrics_skip_tracking":false,"_exactmetrics_sitenote_active":false,"_exactmetrics_sitenote_note":"","_exactmetrics_sitenote_category":0,"footnotes":""},"class_list":["post-1335","page","type-page","status-publish","hentry"],"yoast_head":"<!-- This site is optimized with the Yoast SEO plugin v27.3 - https:\/\/yoast.com\/product\/yoast-seo-wordpress\/ -->\n<title>Contact | Garagen Website<\/title>\n<meta name=\"description\" content=\"Nous sommes l\u00e0 pour vous. Adresse WEBSAMURAI AGSchachenallee 295000 Aarau et Binzstrasse 98045 Z\u00fcrich Contact E-mail: info@websamurai.chT\u00e9l\u00e9phone: 062 511\" \/>\n<meta name=\"robots\" content=\"index, follow, max-snippet:-1, max-image-preview:large, max-video-preview:-1\" \/>\n<link rel=\"canonical\" href=\"https:\/\/www.garagen-website.ch\/fr\/contact\/\" \/>\n<meta property=\"og:locale\" content=\"fr_FR\" \/>\n<meta property=\"og:type\" content=\"article\" \/>\n<meta property=\"og:title\" content=\"Contact | Garagen Website\" \/>\n<meta property=\"og:description\" content=\"Nous sommes l\u00e0 pour vous. Adresse WEBSAMURAI AGSchachenallee 295000 Aarau et Binzstrasse 98045 Z\u00fcrich Contact E-mail: info@websamurai.chT\u00e9l\u00e9phone: 062 511\" \/>\n<meta property=\"og:url\" content=\"https:\/\/www.garagen-website.ch\/fr\/contact\/\" \/>\n<meta property=\"og:site_name\" content=\"Garagen Website\" \/>\n<meta property=\"article:modified_time\" content=\"2018-11-21T10:45:46+00:00\" \/>\n<meta name=\"twitter:card\" content=\"summary_large_image\" \/>\n<script type=\"application\/ld+json\" class=\"yoast-schema-graph\">{\"@context\":\"https:\\\/\\\/schema.org\",\"@graph\":[{\"@type\":\"WebPage\",\"@id\":\"https:\\\/\\\/www.garagen-website.ch\\\/fr\\\/contact\\\/\",\"url\":\"https:\\\/\\\/www.garagen-website.ch\\\/fr\\\/contact\\\/\",\"name\":\"Contact | Garagen Website\",\"isPartOf\":{\"@id\":\"https:\\\/\\\/www.garagen-website.ch\\\/#website\"},\"datePublished\":\"2016-05-13T13:10:35+00:00\",\"dateModified\":\"2018-11-21T10:45:46+00:00\",\"description\":\"Nous sommes l\u00e0 pour vous. Adresse WEBSAMURAI AGSchachenallee 295000 Aarau et Binzstrasse 98045 Z\u00fcrich Contact E-mail: info@websamurai.chT\u00e9l\u00e9phone: 062 511\",\"breadcrumb\":{\"@id\":\"https:\\\/\\\/www.garagen-website.ch\\\/fr\\\/contact\\\/#breadcrumb\"},\"inLanguage\":\"fr-FR\",\"potentialAction\":[{\"@type\":\"ReadAction\",\"target\":[\"https:\\\/\\\/www.garagen-website.ch\\\/fr\\\/contact\\\/\"]}]},{\"@type\":\"BreadcrumbList\",\"@id\":\"https:\\\/\\\/www.garagen-website.ch\\\/fr\\\/contact\\\/#breadcrumb\",\"itemListElement\":[{\"@type\":\"ListItem\",\"position\":1,\"name\":\"Home\",\"item\":\"https:\\\/\\\/www.garagen-website.ch\\\/fr\\\/\"},{\"@type\":\"ListItem\",\"position\":2,\"name\":\"Contact\"}]},{\"@type\":\"WebSite\",\"@id\":\"https:\\\/\\\/www.garagen-website.ch\\\/#website\",\"url\":\"https:\\\/\\\/www.garagen-website.ch\\\/\",\"name\":\"Garagen Website\",\"description\":\"\",\"publisher\":{\"@id\":\"https:\\\/\\\/www.garagen-website.ch\\\/#organization\"},\"potentialAction\":[{\"@type\":\"SearchAction\",\"target\":{\"@type\":\"EntryPoint\",\"urlTemplate\":\"https:\\\/\\\/www.garagen-website.ch\\\/?s={search_term_string}\"},\"query-input\":{\"@type\":\"PropertyValueSpecification\",\"valueRequired\":true,\"valueName\":\"search_term_string\"}}],\"inLanguage\":\"fr-FR\"},{\"@type\":\"Organization\",\"@id\":\"https:\\\/\\\/www.garagen-website.ch\\\/#organization\",\"name\":\"Garagen Website\",\"url\":\"https:\\\/\\\/www.garagen-website.ch\\\/\",\"logo\":{\"@type\":\"ImageObject\",\"inLanguage\":\"fr-FR\",\"@id\":\"https:\\\/\\\/www.garagen-website.ch\\\/#\\\/schema\\\/logo\\\/image\\\/\",\"url\":\"https:\\\/\\\/www.garagen-website.ch\\\/wp-content\\\/uploads\\\/2021\\\/04\\\/garagen-website-logo.png\",\"contentUrl\":\"https:\\\/\\\/www.garagen-website.ch\\\/wp-content\\\/uploads\\\/2021\\\/04\\\/garagen-website-logo.png\",\"width\":920,\"height\":107,\"caption\":\"Garagen Website\"},\"image\":{\"@id\":\"https:\\\/\\\/www.garagen-website.ch\\\/#\\\/schema\\\/logo\\\/image\\\/\"}}]}<\/script>\n<!-- \/ Yoast SEO plugin. -->","yoast_head_json":{"title":"Contact | Garagen Website","description":"Nous sommes l\u00e0 pour vous. Adresse WEBSAMURAI AGSchachenallee 295000 Aarau et Binzstrasse 98045 Z\u00fcrich Contact E-mail: info@websamurai.chT\u00e9l\u00e9phone: 062 511","robots":{"index":"index","follow":"follow","max-snippet":"max-snippet:-1","max-image-preview":"max-image-preview:large","max-video-preview":"max-video-preview:-1"},"canonical":"https:\/\/www.garagen-website.ch\/fr\/contact\/","og_locale":"fr_FR","og_type":"article","og_title":"Contact | Garagen Website","og_description":"Nous sommes l\u00e0 pour vous. Adresse WEBSAMURAI AGSchachenallee 295000 Aarau et Binzstrasse 98045 Z\u00fcrich Contact E-mail: info@websamurai.chT\u00e9l\u00e9phone: 062 511","og_url":"https:\/\/www.garagen-website.ch\/fr\/contact\/","og_site_name":"Garagen Website","article_modified_time":"2018-11-21T10:45:46+00:00","twitter_card":"summary_large_image","schema":{"@context":"https:\/\/schema.org","@graph":[{"@type":"WebPage","@id":"https:\/\/www.garagen-website.ch\/fr\/contact\/","url":"https:\/\/www.garagen-website.ch\/fr\/contact\/","name":"Contact | Garagen Website","isPartOf":{"@id":"https:\/\/www.garagen-website.ch\/#website"},"datePublished":"2016-05-13T13:10:35+00:00","dateModified":"2018-11-21T10:45:46+00:00","description":"Nous sommes l\u00e0 pour vous. Adresse WEBSAMURAI AGSchachenallee 295000 Aarau et Binzstrasse 98045 Z\u00fcrich Contact E-mail: info@websamurai.chT\u00e9l\u00e9phone: 062 511","breadcrumb":{"@id":"https:\/\/www.garagen-website.ch\/fr\/contact\/#breadcrumb"},"inLanguage":"fr-FR","potentialAction":[{"@type":"ReadAction","target":["https:\/\/www.garagen-website.ch\/fr\/contact\/"]}]},{"@type":"BreadcrumbList","@id":"https:\/\/www.garagen-website.ch\/fr\/contact\/#breadcrumb","itemListElement":[{"@type":"ListItem","position":1,"name":"Home","item":"https:\/\/www.garagen-website.ch\/fr\/"},{"@type":"ListItem","position":2,"name":"Contact"}]},{"@type":"WebSite","@id":"https:\/\/www.garagen-website.ch\/#website","url":"https:\/\/www.garagen-website.ch\/","name":"Garagen Website","description":"","publisher":{"@id":"https:\/\/www.garagen-website.ch\/#organization"},"potentialAction":[{"@type":"SearchAction","target":{"@type":"EntryPoint","urlTemplate":"https:\/\/www.garagen-website.ch\/?s={search_term_string}"},"query-input":{"@type":"PropertyValueSpecification","valueRequired":true,"valueName":"search_term_string"}}],"inLanguage":"fr-FR"},{"@type":"Organization","@id":"https:\/\/www.garagen-website.ch\/#organization","name":"Garagen Website","url":"https:\/\/www.garagen-website.ch\/","logo":{"@type":"ImageObject","inLanguage":"fr-FR","@id":"https:\/\/www.garagen-website.ch\/#\/schema\/logo\/image\/","url":"https:\/\/www.garagen-website.ch\/wp-content\/uploads\/2021\/04\/garagen-website-logo.png","contentUrl":"https:\/\/www.garagen-website.ch\/wp-content\/uploads\/2021\/04\/garagen-website-logo.png","width":920,"height":107,"caption":"Garagen Website"},"image":{"@id":"https:\/\/www.garagen-website.ch\/#\/schema\/logo\/image\/"}}]}},"_links":{"self":[{"href":"https:\/\/www.garagen-website.ch\/fr\/wp-json\/wp\/v2\/pages\/1335","targetHints":{"allow":["GET"]}}],"collection":[{"href":"https:\/\/www.garagen-website.ch\/fr\/wp-json\/wp\/v2\/pages"}],"about":[{"href":"https:\/\/www.garagen-website.ch\/fr\/wp-json\/wp\/v2\/types\/page"}],"author":[{"embeddable":true,"href":"https:\/\/www.garagen-website.ch\/fr\/wp-json\/wp\/v2\/users\/4"}],"replies":[{"embeddable":true,"href":"https:\/\/www.garagen-website.ch\/fr\/wp-json\/wp\/v2\/comments?post=1335"}],"version-history":[{"count":3,"href":"https:\/\/www.garagen-website.ch\/fr\/wp-json\/wp\/v2\/pages\/1335\/revisions"}],"predecessor-version":[{"id":11474,"href":"https:\/\/www.garagen-website.ch\/fr\/wp-json\/wp\/v2\/pages\/1335\/revisions\/11474"}],"wp:attachment":[{"href":"https:\/\/www.garagen-website.ch\/fr\/wp-json\/wp\/v2\/media?parent=1335"}],"curies":[{"name":"wp","href":"https:\/\/api.w.org\/{rel}","templated":true}]}}