{"id":1539,"date":"2016-05-22T18:08:59","date_gmt":"2016-05-22T16:08:59","guid":{"rendered":"https:\/\/www.garagen-website.ch\/it\/?page_id=1539"},"modified":"2017-05-17T10:07:59","modified_gmt":"2017-05-17T08:07:59","slug":"benvenuto","status":"publish","type":"page","link":"https:\/\/www.garagen-website.ch\/it\/","title":{"rendered":"Il Suo nuovo sito garage"},"content":{"rendered":"<p>Vuole essere trovato su Internet con il Suo garage, ma nello stessto tempo non vuole sforzi supplementari per la manutenzione? Allora noi abbiamo la soluzione per Lei: il sito garage.<\/p>\n<h2>Cos&#8217;\u00e8 il sito garage?<\/h2>\n<p>Il sito garage \u00e8 fatto specificamente per i garage, concessionari e rappresentanti di marchi.\u00a0 Se inoltre pubblica gi\u00e0 le Sue macchine su AutoScout24, non c&#8217;\u00e8 bisogno del doppio lavoro, perch\u00e8 le Sue macchine appaiono direttamente anche sul sito garage &#8211; senza il Suo da fare e giornalmente attuale.<\/p>\n<h2>Il sito garage \u00e8 conveniente<\/h2>\n<p>Entri con il Suo garage nel mondo digitale con un pacchetto standard completo e conveniente<strong>.<\/strong> Pi\u00f9 in l\u00e0 desidera una funzione supplementare? Non c&#8217;\u00e9 problema, perch\u00e8 il sito garage si pu\u00f2 estendere con delle funzioni supplementari in qualsiasi momento.<\/p>\n<h2>Dalla Svizzera &#8211; per la Svizzera<\/h2>\n<p>Noi siamo per \u00abSwissness\u00bb, \u00e8 per questo tutti i nostri servizi arrivano esplicitamente dalla Svizzera da esperti provati.<\/p>\n<h2>Chi siamo noi?<\/h2>\n<p>Noi siamo la <a href=\"http:\/\/www.websamurai.ch\" target=\"_blank\">WEBSAMURAI<\/a> e abbiamo creato il sito garage\u00a0e siamo fieri del risultato ben riuscito del sito garage.<\/p>\n","protected":false},"excerpt":{"rendered":"<p>Vuole essere trovato su Internet con il Suo garage, ma nello stessto tempo non vuole sforzi supplementari per la manutenzione? Allora noi abbiamo la soluzione per Lei: il sito garage. Cos&#8217;\u00e8 il sito garage? Il sito garage \u00e8 fatto specificamente per i garage, concessionari e rappresentanti di marchi.\u00a0 Se inoltre pubblica gi\u00e0 le Sue macchine [&hellip;]<\/p>\n","protected":false},"author":4,"featured_media":0,"parent":0,"menu_order":5,"comment_status":"closed","ping_status":"closed","template":"","meta":{"_exactmetrics_skip_tracking":false,"_exactmetrics_sitenote_active":false,"_exactmetrics_sitenote_note":"","_exactmetrics_sitenote_category":0,"footnotes":""},"class_list":["post-1539","page","type-page","status-publish","hentry"],"yoast_head":"<!-- This site is optimized with the Yoast SEO plugin v27.3 - https:\/\/yoast.com\/product\/yoast-seo-wordpress\/ -->\n<title>Benvenuto | Garagen Website<\/title>\n<meta name=\"description\" content=\"Vuole essere trovato su Internet con il Suo garage, ma nello stessto tempo non vuole sforzi supplementari per la manutenzione? Allora noi abbiamo la\" \/>\n<meta name=\"robots\" content=\"index, follow, max-snippet:-1, max-image-preview:large, max-video-preview:-1\" \/>\n<link rel=\"canonical\" href=\"https:\/\/www.garagen-website.ch\/it\/\" \/>\n<meta property=\"og:locale\" content=\"it_IT\" \/>\n<meta property=\"og:type\" content=\"article\" \/>\n<meta property=\"og:title\" content=\"Benvenuto | Garagen Website\" \/>\n<meta property=\"og:description\" content=\"Vuole essere trovato su Internet con il Suo garage, ma nello stessto tempo non vuole sforzi supplementari per la manutenzione? Allora noi abbiamo la\" \/>\n<meta property=\"og:url\" content=\"https:\/\/www.garagen-website.ch\/it\/\" \/>\n<meta property=\"og:site_name\" content=\"Garagen Website\" \/>\n<meta property=\"article:modified_time\" content=\"2017-05-17T08:07:59+00:00\" \/>\n<meta name=\"twitter:card\" content=\"summary_large_image\" \/>\n<meta name=\"twitter:label1\" content=\"Tempo di lettura stimato\" \/>\n\t<meta name=\"twitter:data1\" content=\"1 minuto\" \/>\n<script type=\"application\/ld+json\" class=\"yoast-schema-graph\">{\"@context\":\"https:\\\/\\\/schema.org\",\"@graph\":[{\"@type\":\"WebPage\",\"@id\":\"https:\\\/\\\/www.garagen-website.ch\\\/it\\\/\",\"url\":\"https:\\\/\\\/www.garagen-website.ch\\\/it\\\/\",\"name\":\"Benvenuto | Garagen Website\",\"isPartOf\":{\"@id\":\"https:\\\/\\\/www.garagen-website.ch\\\/#website\"},\"datePublished\":\"2016-05-22T16:08:59+00:00\",\"dateModified\":\"2017-05-17T08:07:59+00:00\",\"description\":\"Vuole essere trovato su Internet con il Suo garage, ma nello stessto tempo non vuole sforzi supplementari per la manutenzione? Allora noi abbiamo la\",\"breadcrumb\":{\"@id\":\"https:\\\/\\\/www.garagen-website.ch\\\/it\\\/#breadcrumb\"},\"inLanguage\":\"it-IT\",\"potentialAction\":[{\"@type\":\"ReadAction\",\"target\":[\"https:\\\/\\\/www.garagen-website.ch\\\/it\\\/\"]}]},{\"@type\":\"BreadcrumbList\",\"@id\":\"https:\\\/\\\/www.garagen-website.ch\\\/it\\\/#breadcrumb\",\"itemListElement\":[{\"@type\":\"ListItem\",\"position\":1,\"name\":\"Home\",\"item\":\"https:\\\/\\\/www.garagen-website.ch\\\/it\\\/\"},{\"@type\":\"ListItem\",\"position\":2,\"name\":\"Il Suo nuovo sito garage\"}]},{\"@type\":\"WebSite\",\"@id\":\"https:\\\/\\\/www.garagen-website.ch\\\/#website\",\"url\":\"https:\\\/\\\/www.garagen-website.ch\\\/\",\"name\":\"Garagen Website\",\"description\":\"\",\"publisher\":{\"@id\":\"https:\\\/\\\/www.garagen-website.ch\\\/#organization\"},\"potentialAction\":[{\"@type\":\"SearchAction\",\"target\":{\"@type\":\"EntryPoint\",\"urlTemplate\":\"https:\\\/\\\/www.garagen-website.ch\\\/?s={search_term_string}\"},\"query-input\":{\"@type\":\"PropertyValueSpecification\",\"valueRequired\":true,\"valueName\":\"search_term_string\"}}],\"inLanguage\":\"it-IT\"},{\"@type\":\"Organization\",\"@id\":\"https:\\\/\\\/www.garagen-website.ch\\\/#organization\",\"name\":\"Garagen Website\",\"url\":\"https:\\\/\\\/www.garagen-website.ch\\\/\",\"logo\":{\"@type\":\"ImageObject\",\"inLanguage\":\"it-IT\",\"@id\":\"https:\\\/\\\/www.garagen-website.ch\\\/#\\\/schema\\\/logo\\\/image\\\/\",\"url\":\"https:\\\/\\\/www.garagen-website.ch\\\/wp-content\\\/uploads\\\/2021\\\/04\\\/garagen-website-logo.png\",\"contentUrl\":\"https:\\\/\\\/www.garagen-website.ch\\\/wp-content\\\/uploads\\\/2021\\\/04\\\/garagen-website-logo.png\",\"width\":920,\"height\":107,\"caption\":\"Garagen Website\"},\"image\":{\"@id\":\"https:\\\/\\\/www.garagen-website.ch\\\/#\\\/schema\\\/logo\\\/image\\\/\"}}]}<\/script>\n<!-- \/ Yoast SEO plugin. -->","yoast_head_json":{"title":"Benvenuto | Garagen Website","description":"Vuole essere trovato su Internet con il Suo garage, ma nello stessto tempo non vuole sforzi supplementari per la manutenzione? Allora noi abbiamo la","robots":{"index":"index","follow":"follow","max-snippet":"max-snippet:-1","max-image-preview":"max-image-preview:large","max-video-preview":"max-video-preview:-1"},"canonical":"https:\/\/www.garagen-website.ch\/it\/","og_locale":"it_IT","og_type":"article","og_title":"Benvenuto | Garagen Website","og_description":"Vuole essere trovato su Internet con il Suo garage, ma nello stessto tempo non vuole sforzi supplementari per la manutenzione? Allora noi abbiamo la","og_url":"https:\/\/www.garagen-website.ch\/it\/","og_site_name":"Garagen Website","article_modified_time":"2017-05-17T08:07:59+00:00","twitter_card":"summary_large_image","twitter_misc":{"Tempo di lettura stimato":"1 minuto"},"schema":{"@context":"https:\/\/schema.org","@graph":[{"@type":"WebPage","@id":"https:\/\/www.garagen-website.ch\/it\/","url":"https:\/\/www.garagen-website.ch\/it\/","name":"Benvenuto | Garagen Website","isPartOf":{"@id":"https:\/\/www.garagen-website.ch\/#website"},"datePublished":"2016-05-22T16:08:59+00:00","dateModified":"2017-05-17T08:07:59+00:00","description":"Vuole essere trovato su Internet con il Suo garage, ma nello stessto tempo non vuole sforzi supplementari per la manutenzione? Allora noi abbiamo la","breadcrumb":{"@id":"https:\/\/www.garagen-website.ch\/it\/#breadcrumb"},"inLanguage":"it-IT","potentialAction":[{"@type":"ReadAction","target":["https:\/\/www.garagen-website.ch\/it\/"]}]},{"@type":"BreadcrumbList","@id":"https:\/\/www.garagen-website.ch\/it\/#breadcrumb","itemListElement":[{"@type":"ListItem","position":1,"name":"Home","item":"https:\/\/www.garagen-website.ch\/it\/"},{"@type":"ListItem","position":2,"name":"Il Suo nuovo sito garage"}]},{"@type":"WebSite","@id":"https:\/\/www.garagen-website.ch\/#website","url":"https:\/\/www.garagen-website.ch\/","name":"Garagen Website","description":"","publisher":{"@id":"https:\/\/www.garagen-website.ch\/#organization"},"potentialAction":[{"@type":"SearchAction","target":{"@type":"EntryPoint","urlTemplate":"https:\/\/www.garagen-website.ch\/?s={search_term_string}"},"query-input":{"@type":"PropertyValueSpecification","valueRequired":true,"valueName":"search_term_string"}}],"inLanguage":"it-IT"},{"@type":"Organization","@id":"https:\/\/www.garagen-website.ch\/#organization","name":"Garagen Website","url":"https:\/\/www.garagen-website.ch\/","logo":{"@type":"ImageObject","inLanguage":"it-IT","@id":"https:\/\/www.garagen-website.ch\/#\/schema\/logo\/image\/","url":"https:\/\/www.garagen-website.ch\/wp-content\/uploads\/2021\/04\/garagen-website-logo.png","contentUrl":"https:\/\/www.garagen-website.ch\/wp-content\/uploads\/2021\/04\/garagen-website-logo.png","width":920,"height":107,"caption":"Garagen Website"},"image":{"@id":"https:\/\/www.garagen-website.ch\/#\/schema\/logo\/image\/"}}]}},"_links":{"self":[{"href":"https:\/\/www.garagen-website.ch\/it\/wp-json\/wp\/v2\/pages\/1539","targetHints":{"allow":["GET"]}}],"collection":[{"href":"https:\/\/www.garagen-website.ch\/it\/wp-json\/wp\/v2\/pages"}],"about":[{"href":"https:\/\/www.garagen-website.ch\/it\/wp-json\/wp\/v2\/types\/page"}],"author":[{"embeddable":true,"href":"https:\/\/www.garagen-website.ch\/it\/wp-json\/wp\/v2\/users\/4"}],"replies":[{"embeddable":true,"href":"https:\/\/www.garagen-website.ch\/it\/wp-json\/wp\/v2\/comments?post=1539"}],"version-history":[{"count":3,"href":"https:\/\/www.garagen-website.ch\/it\/wp-json\/wp\/v2\/pages\/1539\/revisions"}],"predecessor-version":[{"id":1778,"href":"https:\/\/www.garagen-website.ch\/it\/wp-json\/wp\/v2\/pages\/1539\/revisions\/1778"}],"wp:attachment":[{"href":"https:\/\/www.garagen-website.ch\/it\/wp-json\/wp\/v2\/media?parent=1539"}],"curies":[{"name":"wp","href":"https:\/\/api.w.org\/{rel}","templated":true}]}}